{"id":26256,"date":"2014-05-27T13:18:58","date_gmt":"2014-05-27T13:18:58","guid":{"rendered":"https:\/\/mediterraneanproperties.es\/homepage\/"},"modified":"2025-08-22T17:23:41","modified_gmt":"2025-08-22T15:23:41","slug":"accueil","status":"publish","type":"page","link":"https:\/\/mediterraneanproperties.es\/fr\/accueil\/","title":{"rendered":"Accueil"},"content":{"rendered":"\t\t<div data-elementor-type=\"wp-page\" data-elementor-id=\"26256\" class=\"elementor elementor-26256\" data-elementor-post-type=\"page\">\n\t\t\t\t\t\t\t\t\t<section class=\"elementor-section elementor-top-section elementor-element elementor-element-45bd18df elementor-section-boxed elementor-section-height-default elementor-section-height-default\" data-id=\"45bd18df\" data-element_type=\"section\">\n\t\t\t\t\t\t<div class=\"elementor-container elementor-column-gap-default\">\n\t\t\t\t\t<div class=\"elementor-column elementor-col-100 elementor-top-column elementor-element elementor-element-6ec3fd05\" data-id=\"6ec3fd05\" data-element_type=\"column\">\n\t\t\t<div class=\"elementor-widget-wrap elementor-element-populated\">\n\t\t\t\t\t\t\t\t<div class=\"elementor-element elementor-element-2cb8cdf elementor-widget elementor-widget-text-editor\" data-id=\"2cb8cdf\" data-element_type=\"widget\" data-widget_type=\"text-editor.default\">\n\t\t\t\t<div class=\"elementor-widget-container\">\n\t\t\t<style>\/*! elementor - v3.16.0 - 14-09-2023 *\/\n.elementor-widget-text-editor.elementor-drop-cap-view-stacked .elementor-drop-cap{background-color:#69727d;color:#fff}.elementor-widget-text-editor.elementor-drop-cap-view-framed .elementor-drop-cap{color:#69727d;border:3px solid;background-color:transparent}.elementor-widget-text-editor:not(.elementor-drop-cap-view-default) .elementor-drop-cap{margin-top:8px}.elementor-widget-text-editor:not(.elementor-drop-cap-view-default) .elementor-drop-cap-letter{width:1em;height:1em}.elementor-widget-text-editor .elementor-drop-cap{float:left;text-align:center;line-height:1;font-size:50px}.elementor-widget-text-editor .elementor-drop-cap-letter{display:inline-block}<\/style>\t\t\t\t<p>[vc_row full_width=\u00a0\u00bbstretch_row\u00a0\u00bb css=\u00a0\u00bb.vc_custom_1530614456011{padding-top: 60px !important;padding-bottom: 30px !important;background-color: #ffffff !important;}\u00a0\u00bb][vc_column width=\u00a0\u00bb1\/6&Prime;][\/vc_column][vc_column width=\u00a0\u00bb4\/6&Prime;][ultimate_heading main_heading=\u00a0\u00bbDESCUBRE EL COLOR DE NUESTROS LUGARES\u00a0\u00bb main_heading_color=\u00a0\u00bb#303030&Prime; spacer=\u00a0\u00bbline_only\u00a0\u00bb spacer_position=\u00a0\u00bbmiddle\u00a0\u00bb line_height=\u00a0\u00bb3&Prime; line_color=\u00a0\u00bb#d67b04&Prime; line_width=\u00a0\u00bb100&Prime; main_heading_style=\u00a0\u00bbfont-weight:bold;\u00a0\u00bb main_heading_font_size=\u00a0\u00bbdesktop:30px;\u00a0\u00bb main_heading_margin=\u00a0\u00bbmargin-top:20px;\u00a0\u00bb spacer_margin=\u00a0\u00bbmargin-top:10px;margin-bottom:10px;\u00a0\u00bb sub_heading_margin=\u00a0\u00bbmargin-bottom:0px;\u00a0\u00bb sub_heading_font_size=\u00a0\u00bbdesktop:15px;\u00a0\u00bb sub_heading_line_height=\u00a0\u00bbdesktop:23px;\u00a0\u00bb]<\/p>\n<p id=\"tw-target-text\" class=\"tw-data-text tw-text-large XcVN5d tw-ta\" dir=\"ltr\" data-placeholder=\"Traducci\u00f3n\"><span lang=\"es\" style=\"font-size: 12pt; font-family: verdana, geneva, sans-serif;\">Busca tu espacio perfecto entre nuestros barrios m\u00e1s populares y nuestros diferentes tipos de inmuebles.<\/span><\/p>\n<p>[\/ultimate_heading][\/vc_column][vc_column width=\u00a0\u00bb1\/6&Prime;][\/vc_column][\/vc_row][vc_row full_width=\u00a0\u00bbstretch_row\u00a0\u00bb css=\u00a0\u00bb.vc_custom_1530183056852{background-color: #ffffff !important;}\u00a0\u00bb][vc_column][vc_row_inner gap=\u00a0\u00bb30&Prime; css=\u00a0\u00bb.vc_custom_1530182903277{margin-top: 0px !important;padding-top: 0px !important;}\u00a0\u00bb][vc_column_inner width=\u00a0\u00bb2\/3&Prime; css=\u00a0\u00bb.vc_custom_1637584291751{padding-top: 0px !important;padding-right: 0px !important;padding-bottom: 0px !important;padding-left: 0px !important;background-position: center !important;background-repeat: no-repeat !important;background-size: cover !important;}\u00a0\u00bb]<div class=\"article_container places_list_2 one_row \">\n<div class=\"places_wrapper_type_2\" style=\"background-image: url(https:\/\/mediterraneanproperties.es\/wp-content\/uploads\/2021\/11\/maksim-ivanov-KiWun4rkzk0-unsplash-980x777.jpg);\">\n\n    <div class=\"places_cover\" data-link=\"https:\/\/mediterraneanproperties.es\/property_city\/benidorm\/\" ><\/div>\n    <div class=\"places_type_2_content\"  >\n        <h4><a href=\"https:\/\/mediterraneanproperties.es\/property_city\/benidorm\/\">\n            Benidorm            <\/a>\n        <\/h4>\n\n        <div class=\"places_type_2_tagline\">\n                    <\/div>\n\n        <div class=\"places_type_2_listings_no\">\n            40 Annonces        <\/div>\n\n    <\/div>\n<\/div>\n<\/div>[\/vc_column_inner][vc_column_inner width=\u00a0\u00bb1\/3&Prime; css=\u00a0\u00bb.vc_custom_1545124156198{padding-top: 0px !important;padding-right: 0px !important;padding-bottom: 0px !important;padding-left: 0px !important;}\u00a0\u00bb]<div class=\"article_container places_list_2 one_row \">\n<div class=\"places_wrapper_type_2\" style=\"background-image: url(https:\/\/mediterraneanproperties.es\/wp-content\/uploads\/2021\/11\/pexels-vecislavas-popa-1571470-980x777.jpg);\">\n\n    <div class=\"places_cover\" data-link=\"\" ><\/div>\n    <div class=\"places_type_2_content\"  >\n        <h4><a href=\"\">\n                        <\/a>\n        <\/h4>\n\n        <div class=\"places_type_2_tagline\">\n                    <\/div>\n\n        <div class=\"places_type_2_listings_no\">\n            0 Annonce        <\/div>\n\n    <\/div>\n<\/div>\n<\/div>[\/vc_column_inner][\/vc_row_inner][vc_row_inner gap=\u00a0\u00bb30&Prime; css=\u00a0\u00bb.vc_custom_1530182903277{margin-top: 0px !important;padding-top: 0px !important;}\u00a0\u00bb][vc_column_inner width=\u00a0\u00bb1\/3&Prime; css=\u00a0\u00bb.vc_custom_1545124162706{padding-top: 0px !important;padding-right: 0px !important;padding-bottom: 0px !important;padding-left: 0px !important;}\u00a0\u00bb]<div class=\"article_container places_list_2 one_row \">\n<div class=\"places_wrapper_type_2\" style=\"background-image: url(https:\/\/mediterraneanproperties.es\/wp-content\/uploads\/2021\/11\/villas-980x777.jpg);\">\n\n    <div class=\"places_cover\" data-link=\"\" ><\/div>\n    <div class=\"places_type_2_content\"  >\n        <h4><a href=\"\">\n                        <\/a>\n        <\/h4>\n\n        <div class=\"places_type_2_tagline\">\n                    <\/div>\n\n        <div class=\"places_type_2_listings_no\">\n            0 Annonce        <\/div>\n\n    <\/div>\n<\/div>\n<\/div>[\/vc_column_inner][vc_column_inner width=\u00a0\u00bb1\/3&Prime; css=\u00a0\u00bb.vc_custom_1545124168378{padding-top: 0px !important;padding-right: 0px !important;padding-bottom: 0px !important;padding-left: 0px !important;}\u00a0\u00bb]<div class=\"article_container places_list_2 one_row \">\n<div class=\"places_wrapper_type_2\" style=\"background-image: url(https:\/\/mediterraneanproperties.es\/wp-content\/uploads\/2020\/09\/ventas-980x777.jpg);\">\n\n    <div class=\"places_cover\" data-link=\"https:\/\/mediterraneanproperties.es\/property_action_category\/venta\/\" ><\/div>\n    <div class=\"places_type_2_content\"  >\n        <h4><a href=\"https:\/\/mediterraneanproperties.es\/property_action_category\/venta\/\">\n            Venta            <\/a>\n        <\/h4>\n\n        <div class=\"places_type_2_tagline\">\n                    <\/div>\n\n        <div class=\"places_type_2_listings_no\">\n            929 Annonces        <\/div>\n\n    <\/div>\n<\/div>\n<\/div>[\/vc_column_inner][vc_column_inner width=\u00a0\u00bb1\/3&Prime; css=\u00a0\u00bb.vc_custom_1545124177226{padding-top: 0px !important;padding-right: 0px !important;padding-bottom: 0px !important;padding-left: 0px !important;}\u00a0\u00bb]<div class=\"article_container places_list_2 one_row \">\n<div class=\"places_wrapper_type_2\" style=\"background-image: url(https:\/\/mediterraneanproperties.es\/wp-content\/uploads\/2021\/11\/Finestrat-980x777.jpg);\">\n\n    <div class=\"places_cover\" data-link=\"https:\/\/mediterraneanproperties.es\/property_city\/finestrat\/\" ><\/div>\n    <div class=\"places_type_2_content\"  >\n        <h4><a href=\"https:\/\/mediterraneanproperties.es\/property_city\/finestrat\/\">\n            Finestrat            <\/a>\n        <\/h4>\n\n        <div class=\"places_type_2_tagline\">\n                    <\/div>\n\n        <div class=\"places_type_2_listings_no\">\n            87 Annonces        <\/div>\n\n    <\/div>\n<\/div>\n<\/div>[\/vc_column_inner][\/vc_row_inner][\/vc_column][\/vc_row][vc_row full_width=\u00a0\u00bbstretch_row\u00a0\u00bb css=\u00a0\u00bb.vc_custom_1530182781552{margin-top: 0px !important;margin-bottom: 0px !important;padding-top: 0px !important;padding-bottom: 0px !important;background-color: #ffffff !important;}\u00a0\u00bb][vc_column][\/vc_column][\/vc_row][vc_row css=\u00a0\u00bb.vc_custom_1530183218056{margin-top: 45px !important;margin-bottom: 30px !important;}\u00a0\u00bb][vc_column width=\u00a0\u00bb1\/6&Prime;][\/vc_column][vc_column width=\u00a0\u00bb4\/6&Prime;][ultimate_heading main_heading=\u00a0\u00bb\u00daltimos a\u00f1adidos\u00a0\u00bb main_heading_color=\u00a0\u00bb#303030&Prime; spacer=\u00a0\u00bbline_only\u00a0\u00bb spacer_position=\u00a0\u00bbmiddle\u00a0\u00bb line_height=\u00a0\u00bb3&Prime; line_color=\u00a0\u00bb#d67b04&Prime; line_width=\u00a0\u00bb100&Prime; main_heading_style=\u00a0\u00bbfont-weight:bold;\u00a0\u00bb main_heading_font_size=\u00a0\u00bbdesktop:30px;\u00a0\u00bb main_heading_margin=\u00a0\u00bbmargin-top:20px;\u00a0\u00bb spacer_margin=\u00a0\u00bbmargin-top:10px;margin-bottom:10px;\u00a0\u00bb sub_heading_margin=\u00a0\u00bbmargin-bottom:30px;\u00a0\u00bb sub_heading_font_size=\u00a0\u00bbdesktop:15px;\u00a0\u00bb sub_heading_line_height=\u00a0\u00bbdesktop:23px;\u00a0\u00bb]En PSS Homes disponemos de una gran variedad de propiedades en venta.<\/p>\n<p>Explora en nuestro listado de inmuebles continuamente actualizado para encontrar tu lugar ideal para vivir.[\/ultimate_heading][\/vc_column][vc_column width=\u00a0\u00bb1\/6&Prime;]<\/p>\t\t\t\t\t\t<\/div>\n\t\t\t\t<\/div>\n\t\t\t\t\t<\/div>\n\t\t<\/div>\n\t\t\t\t\t\t\t<\/div>\n\t\t<\/section>\n\t\t\t\t\t\t\t<\/div>\n\t\t","protected":false},"excerpt":{"rendered":"","protected":false},"author":1,"featured_media":0,"parent":0,"menu_order":0,"comment_status":"closed","ping_status":"closed","template":"","meta":{"footnotes":""},"yoast_head":"<!-- This site is optimized with the Yoast SEO plugin v21.2 - https:\/\/yoast.com\/wordpress\/plugins\/seo\/ -->\n<title>Accueil - Maisons, appartements, villas \u00e0 vendre en Espagne - Mediterranean Properties<\/title>\n<meta name=\"robots\" content=\"index, follow, max-snippet:-1, max-image-preview:large, max-video-preview:-1\" \/>\n<link rel=\"canonical\" href=\"https:\/\/mediterraneanproperties.es\/fr\/accueil\/\" \/>\n<meta property=\"og:locale\" content=\"fr_FR\" \/>\n<meta property=\"og:type\" content=\"article\" \/>\n<meta property=\"og:title\" content=\"Accueil - Maisons, appartements, villas \u00e0 vendre en Espagne - Mediterranean Properties\" \/>\n<meta property=\"og:url\" content=\"https:\/\/mediterraneanproperties.es\/fr\/accueil\/\" \/>\n<meta property=\"og:site_name\" content=\"Maisons, appartements, villas \u00e0 vendre en Espagne - Mediterranean Properties\" \/>\n<meta property=\"article:publisher\" content=\"https:\/\/www.facebook.com\/medliveproperty\/\" \/>\n<meta property=\"article:modified_time\" content=\"2025-08-22T15:23:41+00:00\" \/>\n<meta property=\"og:image\" content=\"https:\/\/mediterraneanproperties.es\/wp-content\/uploads\/2025\/10\/logo_mdp_tiktok_1080x675@2x.jpg\" \/>\n\t<meta property=\"og:image:width\" content=\"2160\" \/>\n\t<meta property=\"og:image:height\" content=\"1350\" \/>\n\t<meta property=\"og:image:type\" content=\"image\/jpeg\" \/>\n<meta name=\"twitter:card\" content=\"summary_large_image\" \/>\n<script type=\"application\/ld+json\" class=\"yoast-schema-graph\">{\"@context\":\"https:\/\/schema.org\",\"@graph\":[{\"@type\":\"WebPage\",\"@id\":\"https:\/\/mediterraneanproperties.es\/fr\/accueil\/\",\"url\":\"https:\/\/mediterraneanproperties.es\/fr\/accueil\/\",\"name\":\"Accueil - Maisons, appartements, villas \u00e0 vendre en Espagne - Mediterranean Properties\",\"isPartOf\":{\"@id\":\"https:\/\/mediterraneanproperties.es\/#website\"},\"datePublished\":\"2014-05-27T13:18:58+00:00\",\"dateModified\":\"2025-08-22T15:23:41+00:00\",\"breadcrumb\":{\"@id\":\"https:\/\/mediterraneanproperties.es\/fr\/accueil\/#breadcrumb\"},\"inLanguage\":\"fr-FR\",\"potentialAction\":[{\"@type\":\"ReadAction\",\"target\":[\"https:\/\/mediterraneanproperties.es\/fr\/accueil\/\"]}]},{\"@type\":\"BreadcrumbList\",\"@id\":\"https:\/\/mediterraneanproperties.es\/fr\/accueil\/#breadcrumb\",\"itemListElement\":[{\"@type\":\"ListItem\",\"position\":1,\"name\":\"Portada\",\"item\":\"https:\/\/mediterraneanproperties.es\/fr\/\"},{\"@type\":\"ListItem\",\"position\":2,\"name\":\"Accueil\"}]},{\"@type\":\"WebSite\",\"@id\":\"https:\/\/mediterraneanproperties.es\/#website\",\"url\":\"https:\/\/mediterraneanproperties.es\/\",\"name\":\"Casas, pisos, villas en venta en Espa\u00f1a - Mediterranean Properties\",\"description\":\"Avec Mediterranean Properties, vous serez assur\u00e9 de trouver la vivienda de vos sue\u00f1os. Nous avons seulement les meilleures propri\u00e9t\u00e9s du march\u00e9.\",\"publisher\":{\"@id\":\"https:\/\/mediterraneanproperties.es\/#organization\"},\"alternateName\":\"Mediterranean Properties - inmuebles de obra nueva en Costa Blanca\",\"potentialAction\":[{\"@type\":\"SearchAction\",\"target\":{\"@type\":\"EntryPoint\",\"urlTemplate\":\"https:\/\/mediterraneanproperties.es\/?s={search_term_string}\"},\"query-input\":\"required name=search_term_string\"}],\"inLanguage\":\"fr-FR\"},{\"@type\":\"Organization\",\"@id\":\"https:\/\/mediterraneanproperties.es\/#organization\",\"name\":\"Casas, pisos, villas en venta en Espa\u00f1a - Mediterranean Properties\",\"alternateName\":\"Mediterranean Properties - inmuebles de obra nueva en Costa Blanca\",\"url\":\"https:\/\/mediterraneanproperties.es\/\",\"logo\":{\"@type\":\"ImageObject\",\"inLanguage\":\"fr-FR\",\"@id\":\"https:\/\/mediterraneanproperties.es\/#\/schema\/logo\/image\/\",\"url\":\"https:\/\/mediterraneanproperties.es\/wp-content\/uploads\/2025\/10\/agust.jpg\",\"contentUrl\":\"https:\/\/mediterraneanproperties.es\/wp-content\/uploads\/2025\/10\/agust.jpg\",\"width\":300,\"height\":300,\"caption\":\"Casas, pisos, villas en venta en Espa\u00f1a - Mediterranean Properties\"},\"image\":{\"@id\":\"https:\/\/mediterraneanproperties.es\/#\/schema\/logo\/image\/\"},\"sameAs\":[\"https:\/\/www.facebook.com\/medliveproperty\/\",\"https:\/\/www.instagram.com\/mediterranean_properties\/\",\"https:\/\/www.tiktok.com\/@mediterranean_properties\"]}]}<\/script>\n<!-- \/ Yoast SEO plugin. -->","yoast_head_json":{"title":"Accueil - Maisons, appartements, villas \u00e0 vendre en Espagne - Mediterranean Properties","robots":{"index":"index","follow":"follow","max-snippet":"max-snippet:-1","max-image-preview":"max-image-preview:large","max-video-preview":"max-video-preview:-1"},"canonical":"https:\/\/mediterraneanproperties.es\/fr\/accueil\/","og_locale":"fr_FR","og_type":"article","og_title":"Accueil - Maisons, appartements, villas \u00e0 vendre en Espagne - Mediterranean Properties","og_url":"https:\/\/mediterraneanproperties.es\/fr\/accueil\/","og_site_name":"Maisons, appartements, villas \u00e0 vendre en Espagne - Mediterranean Properties","article_publisher":"https:\/\/www.facebook.com\/medliveproperty\/","article_modified_time":"2025-08-22T15:23:41+00:00","og_image":[{"width":2160,"height":1350,"url":"https:\/\/mediterraneanproperties.es\/wp-content\/uploads\/2025\/10\/logo_mdp_tiktok_1080x675@2x.jpg","type":"image\/jpeg"}],"twitter_card":"summary_large_image","schema":{"@context":"https:\/\/schema.org","@graph":[{"@type":"WebPage","@id":"https:\/\/mediterraneanproperties.es\/fr\/accueil\/","url":"https:\/\/mediterraneanproperties.es\/fr\/accueil\/","name":"Accueil - Maisons, appartements, villas \u00e0 vendre en Espagne - Mediterranean Properties","isPartOf":{"@id":"https:\/\/mediterraneanproperties.es\/#website"},"datePublished":"2014-05-27T13:18:58+00:00","dateModified":"2025-08-22T15:23:41+00:00","breadcrumb":{"@id":"https:\/\/mediterraneanproperties.es\/fr\/accueil\/#breadcrumb"},"inLanguage":"fr-FR","potentialAction":[{"@type":"ReadAction","target":["https:\/\/mediterraneanproperties.es\/fr\/accueil\/"]}]},{"@type":"BreadcrumbList","@id":"https:\/\/mediterraneanproperties.es\/fr\/accueil\/#breadcrumb","itemListElement":[{"@type":"ListItem","position":1,"name":"Portada","item":"https:\/\/mediterraneanproperties.es\/fr\/"},{"@type":"ListItem","position":2,"name":"Accueil"}]},{"@type":"WebSite","@id":"https:\/\/mediterraneanproperties.es\/#website","url":"https:\/\/mediterraneanproperties.es\/","name":"Casas, pisos, villas en venta en Espa\u00f1a - Mediterranean Properties","description":"Avec Mediterranean Properties, vous serez assur\u00e9 de trouver la vivienda de vos sue\u00f1os. Nous avons seulement les meilleures propri\u00e9t\u00e9s du march\u00e9.","publisher":{"@id":"https:\/\/mediterraneanproperties.es\/#organization"},"alternateName":"Mediterranean Properties - inmuebles de obra nueva en Costa Blanca","potentialAction":[{"@type":"SearchAction","target":{"@type":"EntryPoint","urlTemplate":"https:\/\/mediterraneanproperties.es\/?s={search_term_string}"},"query-input":"required name=search_term_string"}],"inLanguage":"fr-FR"},{"@type":"Organization","@id":"https:\/\/mediterraneanproperties.es\/#organization","name":"Casas, pisos, villas en venta en Espa\u00f1a - Mediterranean Properties","alternateName":"Mediterranean Properties - inmuebles de obra nueva en Costa Blanca","url":"https:\/\/mediterraneanproperties.es\/","logo":{"@type":"ImageObject","inLanguage":"fr-FR","@id":"https:\/\/mediterraneanproperties.es\/#\/schema\/logo\/image\/","url":"https:\/\/mediterraneanproperties.es\/wp-content\/uploads\/2025\/10\/agust.jpg","contentUrl":"https:\/\/mediterraneanproperties.es\/wp-content\/uploads\/2025\/10\/agust.jpg","width":300,"height":300,"caption":"Casas, pisos, villas en venta en Espa\u00f1a - Mediterranean Properties"},"image":{"@id":"https:\/\/mediterraneanproperties.es\/#\/schema\/logo\/image\/"},"sameAs":["https:\/\/www.facebook.com\/medliveproperty\/","https:\/\/www.instagram.com\/mediterranean_properties\/","https:\/\/www.tiktok.com\/@mediterranean_properties"]}]}},"_links":{"self":[{"href":"https:\/\/mediterraneanproperties.es\/fr\/wp-json\/wp\/v2\/pages\/26256"}],"collection":[{"href":"https:\/\/mediterraneanproperties.es\/fr\/wp-json\/wp\/v2\/pages"}],"about":[{"href":"https:\/\/mediterraneanproperties.es\/fr\/wp-json\/wp\/v2\/types\/page"}],"author":[{"embeddable":true,"href":"https:\/\/mediterraneanproperties.es\/fr\/wp-json\/wp\/v2\/users\/1"}],"replies":[{"embeddable":true,"href":"https:\/\/mediterraneanproperties.es\/fr\/wp-json\/wp\/v2\/comments?post=26256"}],"version-history":[{"count":3,"href":"https:\/\/mediterraneanproperties.es\/fr\/wp-json\/wp\/v2\/pages\/26256\/revisions"}],"predecessor-version":[{"id":3382134,"href":"https:\/\/mediterraneanproperties.es\/fr\/wp-json\/wp\/v2\/pages\/26256\/revisions\/3382134"}],"wp:attachment":[{"href":"https:\/\/mediterraneanproperties.es\/fr\/wp-json\/wp\/v2\/media?parent=26256"}],"curies":[{"name":"wp","href":"https:\/\/api.w.org\/{rel}","templated":true}]}}